{"id":3097,"date":"2026-01-26T13:17:53","date_gmt":"2026-01-26T12:17:53","guid":{"rendered":"https:\/\/soyacraft.pl\/?post_type=product&#038;p=3097"},"modified":"2026-01-26T17:36:20","modified_gmt":"2026-01-26T16:36:20","slug":"swieca-sojowa-dla-babci","status":"publish","type":"product","link":"https:\/\/soyacraft.pl\/?product=swieca-sojowa-dla-babci","title":{"rendered":"\u015awieca Sojowa Dla Babci!"},"content":{"rendered":"<div class=\"Y3BBE\" data-sfc-cp=\"\" data-hveid=\"CAEIAhAA\" data-processed=\"true\" data-complete=\"true\"><strong class=\"Yjhzub\" data-complete=\"true\" data-processed=\"true\">\u015awieca sojowa &#8222;Dla Babci&#8221;<\/strong>\u00a0to\u00a0<strong class=\"Yjhzub\" data-complete=\"true\" data-processed=\"true\">idealny, naturalny prezent walentynkowy<\/strong>, kt\u00f3ry \u0142\u0105czy estetyk\u0119 z przyjemnym aromatem olejku r\u00f3\u017canego.<\/div>\n<div class=\"Fsg96\" data-sfc-cp=\"\" data-complete=\"true\" data-processed=\"true\"><\/div>\n<div class=\"AdPoic\" role=\"heading\" aria-level=\"3\" data-animation-nesting=\"\" data-sfc-cp=\"\" data-complete=\"true\" data-processed=\"true\" data-sae=\"\">Cechy produktu:<\/div>\n<ul class=\"KsbFXc U6u95\" data-complete=\"true\" data-processed=\"true\">\n<li data-hveid=\"CAEIAxAA\" data-complete=\"true\" data-sae=\"\"><span class=\"T286Pc\" data-sfc-cp=\"\" data-complete=\"true\"><strong class=\"Yjhzub\" data-complete=\"true\">Naturalny sk\u0142ad<\/strong>: Wykonana w 100% z\u00a0<strong class=\"Yjhzub\" data-complete=\"true\">biodegradowalnego wosku sojowego<\/strong>, jest zdrowsz\u0105 alternatyw\u0105 dla \u015bwiec parafinowych, poniewa\u017c pali si\u0119 czysto, nie emituj\u0105c toksycznych substancji ani sadzy.<\/span><\/li>\n<li data-hveid=\"CAEIAxAB\" data-complete=\"true\" data-sae=\"\"><span class=\"T286Pc\" data-sfc-cp=\"\" data-complete=\"true\"><strong class=\"Yjhzub\" data-complete=\"true\">Zapach<\/strong>: \u015awieca nasycona jest\u00a0<strong class=\"Yjhzub\" data-complete=\"true\">olejkiem r\u00f3\u017canym<\/strong>, kt\u00f3ry mo\u017ce dzia\u0142a\u0107 relaksuj\u0105co.<\/span><\/li>\n<\/ul>\n","protected":false},"excerpt":{"rendered":"<p>\u015awieca sojowa &#8222;Dla Babci&#8221;\u00a0to\u00a0idealny, naturalny prezent walentynkowy, kt\u00f3ry \u0142\u0105czy estetyk\u0119 z przyjemnym aromatem olejku r\u00f3\u017canego. Cechy produktu: Naturalny sk\u0142ad: Wykonana w 100% z\u00a0biodegradowalnego wosku sojowego, jest zdrowsz\u0105 alternatyw\u0105 dla \u015bwiec parafinowych, poniewa\u017c pali si\u0119 czysto, nie emituj\u0105c toksycznych substancji ani sadzy. Zapach: \u015awieca nasycona jest\u00a0olejkiem r\u00f3\u017canym, kt\u00f3ry mo\u017ce dzia\u0142a\u0107 relaksuj\u0105co.<\/p>\n","protected":false},"featured_media":3104,"comment_status":"open","ping_status":"closed","template":"","meta":{"_regular_price":["79"],"currency_symbol":[]},"product_brand":[],"product_cat":[86,83],"product_tag":[],"class_list":{"0":"post-3097","1":"product","2":"type-product","3":"status-publish","4":"has-post-thumbnail","6":"product_cat-dzien-babci","7":"product_cat-swiece-sojowe","9":"first","10":"instock","11":"taxable","12":"shipping-taxable","13":"purchasable","14":"product-type-simple"},"post_slider_layout_featured_media_urls":{"thumbnail":["https:\/\/soyacraft.pl\/wp-content\/uploads\/2026\/01\/20260126-1400-150x150.jpg",150,150,true],"post_slider_layout_landscape_large":["https:\/\/soyacraft.pl\/wp-content\/uploads\/2026\/01\/20260126-1400-1080x800.jpg",1080,800,true],"post_slider_layout_portrait_large":["https:\/\/soyacraft.pl\/wp-content\/uploads\/2026\/01\/20260126-1400-1080x1800.jpg",1080,1800,true],"post_slider_layout_square_large":["https:\/\/soyacraft.pl\/wp-content\/uploads\/2026\/01\/20260126-1400-1080x1200.jpg",1080,1200,true],"post_slider_layout_landscape":["https:\/\/soyacraft.pl\/wp-content\/uploads\/2026\/01\/20260126-1400-600x400.jpg",600,400,true],"post_slider_layout_portrait":["https:\/\/soyacraft.pl\/wp-content\/uploads\/2026\/01\/20260126-1400-600x900.jpg",600,900,true],"post_slider_layout_square":["https:\/\/soyacraft.pl\/wp-content\/uploads\/2026\/01\/20260126-1400-600x600.jpg",600,600,true],"full":["https:\/\/soyacraft.pl\/wp-content\/uploads\/2026\/01\/20260126-1400.jpg",1080,1920,false]},"jetpack_sharing_enabled":true,"_links":{"self":[{"href":"https:\/\/soyacraft.pl\/index.php?rest_route=\/wp\/v2\/product\/3097","targetHints":{"allow":["GET"]}}],"collection":[{"href":"https:\/\/soyacraft.pl\/index.php?rest_route=\/wp\/v2\/product"}],"about":[{"href":"https:\/\/soyacraft.pl\/index.php?rest_route=\/wp\/v2\/types\/product"}],"replies":[{"embeddable":true,"href":"https:\/\/soyacraft.pl\/index.php?rest_route=%2Fwp%2Fv2%2Fcomments&post=3097"}],"wp:featuredmedia":[{"embeddable":true,"href":"https:\/\/soyacraft.pl\/index.php?rest_route=\/wp\/v2\/media\/3104"}],"wp:attachment":[{"href":"https:\/\/soyacraft.pl\/index.php?rest_route=%2Fwp%2Fv2%2Fmedia&parent=3097"}],"wp:term":[{"taxonomy":"product_brand","embeddable":true,"href":"https:\/\/soyacraft.pl\/index.php?rest_route=%2Fwp%2Fv2%2Fproduct_brand&post=3097"},{"taxonomy":"product_cat","embeddable":true,"href":"https:\/\/soyacraft.pl\/index.php?rest_route=%2Fwp%2Fv2%2Fproduct_cat&post=3097"},{"taxonomy":"product_tag","embeddable":true,"href":"https:\/\/soyacraft.pl\/index.php?rest_route=%2Fwp%2Fv2%2Fproduct_tag&post=3097"}],"curies":[{"name":"wp","href":"https:\/\/api.w.org\/{rel}","templated":true}]}}