{"id":3045,"date":"2026-01-25T17:02:48","date_gmt":"2026-01-25T16:02:48","guid":{"rendered":"https:\/\/soyacraft.pl\/?post_type=product&#038;p=3045"},"modified":"2026-01-25T19:02:10","modified_gmt":"2026-01-25T18:02:10","slug":"swieca-sojowa","status":"publish","type":"product","link":"https:\/\/soyacraft.pl\/?product=swieca-sojowa","title":{"rendered":"\u015awieca Sojowa"},"content":{"rendered":"<div class=\"Y3BBE\" data-sfc-cp=\"\" data-hveid=\"CAEIAhAA\" data-processed=\"true\" data-complete=\"true\"><strong class=\"Yjhzub\" data-complete=\"true\" data-processed=\"true\">\u015awieca sojowa &#8222;Dla Ch\u0142opaka&#8221;<\/strong>\u00a0to\u00a0<strong class=\"Yjhzub\" data-complete=\"true\" data-processed=\"true\">idealny, naturalny prezent walentynkowy<\/strong>, kt\u00f3ry \u0142\u0105czy estetyk\u0119 z przyjemnym aromatem olejku r\u00f3\u017canego.<\/div>\n<div class=\"Fsg96\" data-sfc-cp=\"\" data-complete=\"true\" data-processed=\"true\"><\/div>\n<div class=\"AdPoic\" role=\"heading\" aria-level=\"3\" data-animation-nesting=\"\" data-sfc-cp=\"\" data-complete=\"true\" data-processed=\"true\" data-sae=\"\">Cechy produktu:<\/div>\n<ul class=\"KsbFXc U6u95\" data-complete=\"true\" data-processed=\"true\">\n<li data-hveid=\"CAEIAxAA\" data-complete=\"true\" data-sae=\"\"><span class=\"T286Pc\" data-sfc-cp=\"\" data-complete=\"true\"><strong class=\"Yjhzub\" data-complete=\"true\">Naturalny sk\u0142ad<\/strong>: Wykonana w 100% z\u00a0<strong class=\"Yjhzub\" data-complete=\"true\">biodegradowalnego wosku sojowego<\/strong>, jest zdrowsz\u0105 alternatyw\u0105 dla \u015bwiec parafinowych, poniewa\u017c pali si\u0119 czysto, nie emituj\u0105c toksycznych substancji ani sadzy.<\/span><\/li>\n<li data-hveid=\"CAEIAxAB\" data-complete=\"true\" data-sae=\"\"><span class=\"T286Pc\" data-sfc-cp=\"\" data-complete=\"true\"><strong class=\"Yjhzub\" data-complete=\"true\">Zapach<\/strong>: \u015awieca nasycona jest\u00a0<strong class=\"Yjhzub\" data-complete=\"true\">olejkiem r\u00f3\u017canym<\/strong>, kt\u00f3ry mo\u017ce dzia\u0142a\u0107 relaksuj\u0105co i pobudza\u0107 zmys\u0142y.<\/span><\/li>\n<li data-hveid=\"CAEIAxAC\" data-complete=\"true\" data-sae=\"\"><span class=\"T286Pc\" data-sfc-cp=\"\" data-complete=\"true\"><strong class=\"Yjhzub\" data-complete=\"true\">Design<\/strong>: Prezentuje si\u0119 wyj\u0105tkowo romantycznie dzi\u0119ki uroczym, r\u00f3\u017cowym serduszkom i drewnianemu knotowi, kt\u00f3ry podczas palenia delikatnie &#8222;skwierczy&#8221;, wprowadzaj\u0105c nastrojow\u0105 atmosfer\u0119.<\/span><\/li>\n<li data-hveid=\"CAEIAxAD\" data-complete=\"true\" data-sae=\"\"><span class=\"T286Pc\" data-sfc-cp=\"\" data-complete=\"true\"><strong class=\"Yjhzub\" data-complete=\"true\">Bezpiecze\u0144stwo<\/strong>: Wosk sojowy ma ni\u017csz\u0105 temperatur\u0119 topnienia, co sprawia, \u017ce \u015bwieca jest bezpieczniejsza w u\u017cytkowaniu i pali si\u0119 znacznie d\u0142u\u017cej ni\u017c tradycyjne \u015bwiece parafinowe.<\/span><\/li>\n<li data-hveid=\"CAEIAxAE\" data-complete=\"true\" data-sae=\"\"><span class=\"T286Pc\" data-sfc-cp=\"\" data-complete=\"true\"><strong class=\"Yjhzub\" data-complete=\"true\">Idealna na prezent<\/strong>: Specjalna etykieta &#8222;Dla Ch\u0142opaka&#8221; sprawia, \u017ce jest to gotowy, spersonalizowany upominek, idealny na Walentynki lub inn\u0105 romantyczn\u0105 okazj\u0119, by wyrazi\u0107 uczucia.<\/span><\/li>\n<\/ul>\n<div class=\"Y3BBE\" data-sfc-cp=\"\" data-hveid=\"CAEIBBAA\" data-complete=\"true\" data-processed=\"true\"><\/div>\n","protected":false},"excerpt":{"rendered":"<p>\u015awieca sojowa &#8222;Dla Ch\u0142opaka&#8221;\u00a0to\u00a0idealny, naturalny prezent walentynkowy, kt\u00f3ry \u0142\u0105czy estetyk\u0119 z przyjemnym aromatem olejku r\u00f3\u017canego. Cechy produktu: Naturalny sk\u0142ad: Wykonana w 100% z\u00a0biodegradowalnego wosku sojowego, jest zdrowsz\u0105 alternatyw\u0105 dla \u015bwiec parafinowych, poniewa\u017c pali si\u0119 czysto, nie emituj\u0105c toksycznych substancji ani sadzy. Zapach: \u015awieca nasycona jest\u00a0olejkiem r\u00f3\u017canym, kt\u00f3ry mo\u017ce dzia\u0142a\u0107 relaksuj\u0105co i pobudza\u0107 zmys\u0142y. Design: Prezentuje &hellip; <\/p>\n","protected":false},"featured_media":3015,"comment_status":"open","ping_status":"closed","template":"","meta":{"_regular_price":["119"],"currency_symbol":[]},"product_brand":[],"product_cat":[15,85,83],"product_tag":[],"class_list":{"0":"post-3045","1":"product","2":"type-product","3":"status-publish","4":"has-post-thumbnail","6":"product_cat-walentynki","7":"product_cat-dla-niego","8":"product_cat-swiece-sojowe","10":"first","11":"instock","12":"sold-individually","13":"taxable","14":"shipping-taxable","15":"purchasable","16":"product-type-simple"},"post_slider_layout_featured_media_urls":{"thumbnail":["https:\/\/soyacraft.pl\/wp-content\/uploads\/2026\/01\/618450809_933855382540240_3784378904253962863_n-150x150.jpg",150,150,true],"post_slider_layout_landscape_large":["https:\/\/soyacraft.pl\/wp-content\/uploads\/2026\/01\/618450809_933855382540240_3784378904253962863_n-1200x800.jpg",1200,800,true],"post_slider_layout_portrait_large":["https:\/\/soyacraft.pl\/wp-content\/uploads\/2026\/01\/618450809_933855382540240_3784378904253962863_n-1200x1800.jpg",1200,1800,true],"post_slider_layout_square_large":["https:\/\/soyacraft.pl\/wp-content\/uploads\/2026\/01\/618450809_933855382540240_3784378904253962863_n-1200x1200.jpg",1200,1200,true],"post_slider_layout_landscape":["https:\/\/soyacraft.pl\/wp-content\/uploads\/2026\/01\/618450809_933855382540240_3784378904253962863_n-600x400.jpg",600,400,true],"post_slider_layout_portrait":["https:\/\/soyacraft.pl\/wp-content\/uploads\/2026\/01\/618450809_933855382540240_3784378904253962863_n-600x900.jpg",600,900,true],"post_slider_layout_square":["https:\/\/soyacraft.pl\/wp-content\/uploads\/2026\/01\/618450809_933855382540240_3784378904253962863_n-600x600.jpg",600,600,true],"full":["https:\/\/soyacraft.pl\/wp-content\/uploads\/2026\/01\/618450809_933855382540240_3784378904253962863_n.jpg",2048,1984,false]},"jetpack_sharing_enabled":true,"_links":{"self":[{"href":"https:\/\/soyacraft.pl\/index.php?rest_route=\/wp\/v2\/product\/3045","targetHints":{"allow":["GET"]}}],"collection":[{"href":"https:\/\/soyacraft.pl\/index.php?rest_route=\/wp\/v2\/product"}],"about":[{"href":"https:\/\/soyacraft.pl\/index.php?rest_route=\/wp\/v2\/types\/product"}],"replies":[{"embeddable":true,"href":"https:\/\/soyacraft.pl\/index.php?rest_route=%2Fwp%2Fv2%2Fcomments&post=3045"}],"wp:featuredmedia":[{"embeddable":true,"href":"https:\/\/soyacraft.pl\/index.php?rest_route=\/wp\/v2\/media\/3015"}],"wp:attachment":[{"href":"https:\/\/soyacraft.pl\/index.php?rest_route=%2Fwp%2Fv2%2Fmedia&parent=3045"}],"wp:term":[{"taxonomy":"product_brand","embeddable":true,"href":"https:\/\/soyacraft.pl\/index.php?rest_route=%2Fwp%2Fv2%2Fproduct_brand&post=3045"},{"taxonomy":"product_cat","embeddable":true,"href":"https:\/\/soyacraft.pl\/index.php?rest_route=%2Fwp%2Fv2%2Fproduct_cat&post=3045"},{"taxonomy":"product_tag","embeddable":true,"href":"https:\/\/soyacraft.pl\/index.php?rest_route=%2Fwp%2Fv2%2Fproduct_tag&post=3045"}],"curies":[{"name":"wp","href":"https:\/\/api.w.org\/{rel}","templated":true}]}}