{"id":2867,"date":"2026-01-19T15:39:55","date_gmt":"2026-01-19T14:39:55","guid":{"rendered":"https:\/\/soyacraft.pl\/?page_id=2867"},"modified":"2026-01-20T12:20:45","modified_gmt":"2026-01-20T11:20:45","slug":"pages","status":"publish","type":"page","link":"https:\/\/soyacraft.pl\/?page_id=2867","title":{"rendered":"Rejestracja"},"content":{"rendered":"\n\n\n<div class=\"registration-form woocommerce\">\r\n\r\n\t\r\n\t<h2>Register<\/h2>\r\n\r\n\t<form method=\"post\" class=\"register\">\r\n\r\n\t\t\t\t<p class=\"woocommerce-FormRow woocommerce-FormRow--first form-row form-row-first\">\r\n\t\t\t<label for=\"reg_sr_firstname\">First Name<\/label>\r\n\t\t\t<input type=\"text\" class=\"woocommerce-Input woocommerce-Input--text input-text\" name=\"sr_firstname\" id=\"reg_sr_firstname\" value=\"\" \/>\r\n\t\t<\/p>\r\n\r\n\t\t<p class=\"woocommerce-FormRow woocommerce-FormRow--last form-row form-row-last\">\r\n\t\t\t<label for=\"reg_sr_lastname\">Last Name<\/label>\r\n\t\t\t<input type=\"text\" class=\"woocommerce-Input woocommerce-Input--text input-text\" name=\"sr_lastname\" id=\"reg_sr_lastname\" value=\"\"  \/>\r\n\t\t<\/p>\r\n\t\t\t\r\n\t\t\t<label for=\"reg_sr_lastname\">Account<span style=\"font-size: 12px;font-weight:400;text-transform:none;\"> (The selected role will initially be pending approval. )<span><\/label>\r\n\t\t\t<select name=\"role_request\" class=\"input\" style=\"margin-bottom: 40px;\"><option value=\"select\">Select<\/option><option value=\"customer\">Customer<\/option><\/select>\r\n\t\t\r\n\t\t<p class=\"woocommerce-FormRow woocommerce-FormRow--wide form-row form-row-wide\">\r\n\t\t\t<label for=\"reg_email\">Email address <span class=\"required\">*<\/span><\/label>\r\n\t\t\t<input type=\"email\" class=\"woocommerce-Input woocommerce-Input--text input-text\" name=\"email\" id=\"reg_email\" value=\"\" \/>\r\n\t\t<\/p>\r\n\r\n\t\t\r\n\t\t<!-- Spam Trap -->\r\n\t\t<div style=\"left: -999em; position: absolute;\"><label for=\"trap\">Anti-spam<\/label><input type=\"text\" name=\"email_2\" id=\"trap\" tabindex=\"-1\" autocomplete=\"off\" \/><\/div>\r\n\r\n\t\t<wc-order-attribution-inputs><\/wc-order-attribution-inputs><div class=\"woocommerce-privacy-policy-text\"><p>Twoje dane osobowe zostan\u0105 u\u017cyte do obs\u0142ugi twojej wizyty na naszej stronie, zarz\u0105dzania dost\u0119pem do twojego konta i dla innych cel\u00f3w o kt\u00f3rych m\u00f3wi nasza <a href=\"https:\/\/soyacraft.pl\/?page_id=3\" class=\"woocommerce-privacy-policy-link\" target=\"_blank\">polityka prywatno\u015bci<\/a>.<\/p>\n<\/div>\t\t\r\n\t\t<p class=\"woocomerce-FormRow form-row\">\r\n\t\t\t<input type=\"hidden\" id=\"woocommerce-register-nonce\" name=\"woocommerce-register-nonce\" value=\"3e40461a7b\" \/><input type=\"hidden\" name=\"_wp_http_referer\" value=\"\/index.php?rest_route=%2Fwp%2Fv2%2Fpages%2F2867\" \/>\t\t\t<input type=\"submit\" class=\"woocommerce-Button button\" name=\"register\" value=\"Register\" \/>\r\n\t\t<\/p>\r\n\r\n\t\t<p class=\"woocommerce-simple-registration-login-link\">\r\n\t\t\t<a href=\"https:\/\/soyacraft.pl\/wp-login.php?redirect_to=https%3A%2F%2Fsoyacraft.pl%2F%3Fpage_id%3D2867\">Log in<\/a>\r\n\t\t<\/p>\r\n\r\n\t\t\r\n\t<\/form>\r\n\r\n<\/div>\r\n\n\n\n\n<p><\/p>\n","protected":false},"excerpt":{"rendered":"<p>\u00a0<\/p>\n","protected":false},"author":1,"featured_media":0,"parent":0,"menu_order":0,"comment_status":"closed","ping_status":"closed","template":"","meta":{"_regular_price":[],"currency_symbol":[],"footnotes":""},"class_list":["post-2867","page","type-page","status-publish","hentry"],"post_slider_layout_featured_media_urls":{"thumbnail":"","post_slider_layout_landscape_large":"","post_slider_layout_portrait_large":"","post_slider_layout_square_large":"","post_slider_layout_landscape":"","post_slider_layout_portrait":"","post_slider_layout_square":"","full":""},"jetpack_sharing_enabled":true,"_links":{"self":[{"href":"https:\/\/soyacraft.pl\/index.php?rest_route=\/wp\/v2\/pages\/2867","targetHints":{"allow":["GET"]}}],"collection":[{"href":"https:\/\/soyacraft.pl\/index.php?rest_route=\/wp\/v2\/pages"}],"about":[{"href":"https:\/\/soyacraft.pl\/index.php?rest_route=\/wp\/v2\/types\/page"}],"author":[{"embeddable":true,"href":"https:\/\/soyacraft.pl\/index.php?rest_route=\/wp\/v2\/users\/1"}],"replies":[{"embeddable":true,"href":"https:\/\/soyacraft.pl\/index.php?rest_route=%2Fwp%2Fv2%2Fcomments&post=2867"}],"version-history":[{"count":2,"href":"https:\/\/soyacraft.pl\/index.php?rest_route=\/wp\/v2\/pages\/2867\/revisions"}],"predecessor-version":[{"id":2985,"href":"https:\/\/soyacraft.pl\/index.php?rest_route=\/wp\/v2\/pages\/2867\/revisions\/2985"}],"wp:attachment":[{"href":"https:\/\/soyacraft.pl\/index.php?rest_route=%2Fwp%2Fv2%2Fmedia&parent=2867"}],"curies":[{"name":"wp","href":"https:\/\/api.w.org\/{rel}","templated":true}]}}